{"id":1078,"date":"2015-07-29T13:44:44","date_gmt":"2015-07-29T13:44:44","guid":{"rendered":"https:\/\/blockart-agency.sites.qsandbox.com\/?page_id=4"},"modified":"2026-02-27T09:06:27","modified_gmt":"2026-02-27T08:06:27","slug":"home","status":"publish","type":"page","link":"http:\/\/gym-sereine.fr\/","title":{"rendered":"Accueil"},"content":{"rendered":"\n<p class=\"has-text-align-center has-medium-font-size\">Bienvenue sur le site officiel de La Sereine de Saint Andr\u00e9 de Corcy.<\/p>\n\n\n\n<figure class=\"wp-block-image size-large\"><img loading=\"lazy\" decoding=\"async\" width=\"1024\" height=\"768\" src=\"http:\/\/gym-sereine.fr\/wp-content\/uploads\/2024\/06\/447779820_889361870006375_1917767384132147145_n-1024x768.jpg\" alt=\"\" class=\"wp-image-1258\" srcset=\"http:\/\/gym-sereine.fr\/wp-content\/uploads\/2024\/06\/447779820_889361870006375_1917767384132147145_n-1024x768.jpg 1024w, http:\/\/gym-sereine.fr\/wp-content\/uploads\/2024\/06\/447779820_889361870006375_1917767384132147145_n-300x225.jpg 300w, http:\/\/gym-sereine.fr\/wp-content\/uploads\/2024\/06\/447779820_889361870006375_1917767384132147145_n-768x576.jpg 768w, http:\/\/gym-sereine.fr\/wp-content\/uploads\/2024\/06\/447779820_889361870006375_1917767384132147145_n-1536x1152.jpg 1536w, http:\/\/gym-sereine.fr\/wp-content\/uploads\/2024\/06\/447779820_889361870006375_1917767384132147145_n-1140x855.jpg 1140w, http:\/\/gym-sereine.fr\/wp-content\/uploads\/2024\/06\/447779820_889361870006375_1917767384132147145_n.jpg 1600w\" sizes=\"auto, (max-width: 1024px) 100vw, 1024px\" \/><\/figure>\n\n\n\n<p><\/p>\n\n\n\n<p><\/p>\n\n\n\n<p class=\"has-text-align-center has-medium-font-size\"><strong>Gymnastique Trampoline Fitness<\/strong><\/p>\n\n\n\n<p class=\"has-text-align-center\">Fond\u00e9 en 1989, notre club de gymnastique offre une large gamme d&rsquo;activit\u00e9s pour tous les \u00e2ges dans un environnement serein et accueillant.<\/p>\n\n\n\n<p class=\"has-text-align-center\">Rejoignez-nous pour d\u00e9couvrir les bienfaits de la gymnastique et bien plus encore.<\/p>\n\n\n\n<p><\/p>\n\n\n\n<p><\/p>\n\n\n\n<p class=\"has-text-align-center\"><strong>Appel au Sponsoring :<\/strong> <\/p>\n\n\n\n<p class=\"has-text-align-center\">Soutenez La Sereine de Saint Andr\u00e9 de Corcy ! Votre entreprise peut jouer un r\u00f4le crucial dans le d\u00e9veloppement de notre club.<\/p>\n\n\n\n<p class=\"has-text-align-center\">Faites comme eux, Rejoignez-nous !<\/p>\n\n\n\n<p class=\"has-text-align-center\"><\/p>\n\n\n\n<figure class=\"wp-block-image size-large\"><img loading=\"lazy\" decoding=\"async\" width=\"1024\" height=\"371\" src=\"http:\/\/gym-sereine.fr\/wp-content\/uploads\/2026\/02\/site-1024x371.jpg\" alt=\"\" class=\"wp-image-1332\" srcset=\"http:\/\/gym-sereine.fr\/wp-content\/uploads\/2026\/02\/site-1024x371.jpg 1024w, http:\/\/gym-sereine.fr\/wp-content\/uploads\/2026\/02\/site-300x109.jpg 300w, http:\/\/gym-sereine.fr\/wp-content\/uploads\/2026\/02\/site-768x278.jpg 768w, http:\/\/gym-sereine.fr\/wp-content\/uploads\/2026\/02\/site-1536x557.jpg 1536w, http:\/\/gym-sereine.fr\/wp-content\/uploads\/2026\/02\/site-2048x742.jpg 2048w, http:\/\/gym-sereine.fr\/wp-content\/uploads\/2026\/02\/site-1140x413.jpg 1140w\" sizes=\"auto, (max-width: 1024px) 100vw, 1024px\" \/><\/figure>\n","protected":false},"excerpt":{"rendered":"<p>Bienvenue sur le site officiel de La Sereine de Saint Andr\u00e9 de Corcy. Gymnastique Trampoline Fitness Fond\u00e9 en 1989, notre club de gymnastique offre une large gamme d&rsquo;activit\u00e9s pour tous les \u00e2ges dans un environnement serein et accueillant. Rejoignez-nous pour d\u00e9couvrir les bienfaits de la gymnastique et bien plus encore. Appel au Sponsoring : Soutenez La Sereine de Saint Andr\u00e9 de Corcy ! Votre entreprise peut jouer un r\u00f4le crucial dans le d\u00e9veloppement de notre club. Faites comme eux, Rejoignez-nous !<\/p>\n","protected":false},"author":1,"featured_media":0,"parent":0,"menu_order":0,"comment_status":"closed","ping_status":"open","template":"page-templates\/pagebuilder.php","meta":{"footnotes":""},"class_list":["post-1078","page","type-page","status-publish","hentry"],"blockartPostFeaturedMedia":{"thumbnail":false,"medium":false,"medium_large":false,"large":false,"1536x1536":false,"2048x2048":false,"ashe-slider-full-thumbnail":false,"ashe-full-thumbnail":false,"ashe-list-thumbnail":false,"ashe-grid-thumbnail":false,"ashe-single-navigation":false},"blockartPostAuthor":{"name":"admin","avatar":"https:\/\/secure.gravatar.com\/avatar\/fbc88ce730e24374d296a54e92067a4bbe4db43a0e1a6095d3c030e8f71bd484?s=96&d=mm&r=g"},"blockartPostCommentsNumber":false,"blockartPostExcerpt":"Bienvenue sur le site officiel de La Sereine de Saint Andr\u00e9 de Corcy. Gymnastique Trampoline Fitness Fond\u00e9 en 1989, notre club de gymnastique offre une large gamme d&rsquo;activit\u00e9s pour tous les \u00e2ges dans un environnement serein et accueillant. Rejoignez-nous pour d\u00e9couvrir les bienfaits de la gymnastique et bien plus encore. Appel au Sponsoring : Soutenez La Sereine de Saint Andr\u00e9 de Corcy ! Votre entreprise peut jouer un r\u00f4le crucial dans le d\u00e9veloppement de notre club. Faites comme eux, Rejoignez-nous !","blockartPostCategories":[],"_links":{"self":[{"href":"http:\/\/gym-sereine.fr\/index.php?rest_route=\/wp\/v2\/pages\/1078","targetHints":{"allow":["GET"]}}],"collection":[{"href":"http:\/\/gym-sereine.fr\/index.php?rest_route=\/wp\/v2\/pages"}],"about":[{"href":"http:\/\/gym-sereine.fr\/index.php?rest_route=\/wp\/v2\/types\/page"}],"author":[{"embeddable":true,"href":"http:\/\/gym-sereine.fr\/index.php?rest_route=\/wp\/v2\/users\/1"}],"replies":[{"embeddable":true,"href":"http:\/\/gym-sereine.fr\/index.php?rest_route=%2Fwp%2Fv2%2Fcomments&post=1078"}],"version-history":[{"count":17,"href":"http:\/\/gym-sereine.fr\/index.php?rest_route=\/wp\/v2\/pages\/1078\/revisions"}],"predecessor-version":[{"id":1336,"href":"http:\/\/gym-sereine.fr\/index.php?rest_route=\/wp\/v2\/pages\/1078\/revisions\/1336"}],"wp:attachment":[{"href":"http:\/\/gym-sereine.fr\/index.php?rest_route=%2Fwp%2Fv2%2Fmedia&parent=1078"}],"curies":[{"name":"wp","href":"https:\/\/api.w.org\/{rel}","templated":true}]}}