{"id":8,"date":"2023-07-05T16:49:05","date_gmt":"2023-07-05T14:49:05","guid":{"rendered":"http:\/\/gym-sereine.fr\/?page_id=8"},"modified":"2025-06-27T10:21:16","modified_gmt":"2025-06-27T08:21:16","slug":"inscriptions","status":"publish","type":"page","link":"http:\/\/gym-sereine.fr\/?page_id=8","title":{"rendered":"Inscription"},"content":{"rendered":"\n<h2 class=\"wp-block-heading\">2025\/2026<\/h2>\n\n\n\n<p><\/p>\n\n\n\n<p><strong>Proc\u00e9dure :<\/strong><\/p>\n\n\n\n<p>NOUVEAU: paiement en ligne<\/p>\n\n\n\n<p><strong>Proc\u00e9dure d&rsquo;inscription:<\/strong><\/p>\n\n\n\n<ul class=\"wp-block-list\">\n<li>Rep\u00e9rer le&nbsp;nom du groupe&nbsp;sur&nbsp;<strong><a href=\"http:\/\/gym-sereine.fr\/?page_id=1149\" data-type=\"page\" data-id=\"1149\">le livret des cours<\/a><\/strong><\/li>\n\n\n\n<li>S&rsquo;inscrire via le bouton inscription.<\/li>\n\n\n\n<li>Cr\u00e9er un compte \u00ab\u00a0parents\u00a0\u00bb avec&nbsp;<strong>vos informations,&nbsp;<\/strong>puis remplir les informations de votre enfant.<\/li>\n\n\n\n<li>Vous recevrez une confirmation de\u00a0<strong>pr\u00e9 inscription<\/strong> (v\u00e9rifiez vos spams)<\/li>\n\n\n\n<li><strong>Une fois votre demande trait\u00e9e par Pauline<\/strong>, vous recevrez un mail pour proc\u00e9der au paiement en ligne par CB ou par pr\u00e9levement SEPA<\/li>\n\n\n\n<li>t\u00e9l\u00e9chargez l&rsquo;application mobile, les infos club se feront par notification push via l&rsquo;appli.<\/li>\n\n\n\n<li>Si vous rencontrez un soucis un petit sms \u00e0 Pauline 0633790942 ou David 0681459753<\/li>\n\n\n\n<li><strong>Si vous ne payez pas en ligne merci de finaliser l&rsquo;inscription en apportant le r\u00e8glement dans une enveloppe avec le Nom de votre enfant et le Cours<\/strong><\/li>\n\n\n\n<li>A t\u00e9l\u00e9charger sur l&rsquo;espace abonn\u00e9:\n<ul class=\"wp-block-list\">\n<li>Pour les majeurs,<strong>&nbsp;le certificat m\u00e9dical&nbsp;<\/strong>&nbsp;(valable 3ans)<\/li>\n\n\n\n<li>Pour les mineurs,&nbsp;<strong><a href=\"http:\/\/gym-sereine.fr\/wp-content\/uploads\/2024\/06\/Licencies-mineurs-Questionnaire-de-sante-et-attestation-FFG-2024-2025-1-1.pdf\" target=\"_blank\" rel=\"noreferrer noopener\">l&rsquo;attestation du questionnaire de sant\u00e9<\/a>&nbsp;<\/strong><\/li>\n\n\n\n<li>la photo d&rsquo;identit\u00e9 pour la licence<\/li>\n<\/ul>\n<\/li>\n<\/ul>\n\n\n\n<p><\/p>\n\n\n\n<div class=\"blockart-buttons blockart-buttons-210663bb is-wrap\">\n<div class=\"blockart-button blockart-button-e1fc2f8f \"><a class=\"blockart-button-link is-large is-style-filled\" href=\"https:\/\/sereine-standre.monclub.app\/app\" target=\"_blank\" rel=\"noopener\">INSCRIPTION<\/a><\/div>\n<\/div>\n\n\n","protected":false},"excerpt":{"rendered":"<p>2025\/2026 Proc\u00e9dure : NOUVEAU: paiement en ligne Proc\u00e9dure d&rsquo;inscription:<\/p>\n","protected":false},"author":2,"featured_media":0,"parent":0,"menu_order":0,"comment_status":"closed","ping_status":"closed","template":"","meta":{"footnotes":""},"class_list":["post-8","page","type-page","status-publish","hentry"],"blockartPostFeaturedMedia":{"thumbnail":false,"medium":false,"medium_large":false,"large":false,"1536x1536":false,"2048x2048":false,"ashe-slider-full-thumbnail":false,"ashe-full-thumbnail":false,"ashe-list-thumbnail":false,"ashe-grid-thumbnail":false,"ashe-single-navigation":false},"blockartPostAuthor":{"name":"David Juliat","avatar":"https:\/\/secure.gravatar.com\/avatar\/a840c93cfb7c2307774ff9fadb59bfe73b310d6e930ad4437bac5c4b127e8567?s=96&d=mm&r=g"},"blockartPostCommentsNumber":false,"blockartPostExcerpt":"2025\/2026 Proc\u00e9dure : NOUVEAU: paiement en ligne Proc\u00e9dure d&rsquo;inscription:","blockartPostCategories":[],"_links":{"self":[{"href":"http:\/\/gym-sereine.fr\/index.php?rest_route=\/wp\/v2\/pages\/8","targetHints":{"allow":["GET"]}}],"collection":[{"href":"http:\/\/gym-sereine.fr\/index.php?rest_route=\/wp\/v2\/pages"}],"about":[{"href":"http:\/\/gym-sereine.fr\/index.php?rest_route=\/wp\/v2\/types\/page"}],"author":[{"embeddable":true,"href":"http:\/\/gym-sereine.fr\/index.php?rest_route=\/wp\/v2\/users\/2"}],"replies":[{"embeddable":true,"href":"http:\/\/gym-sereine.fr\/index.php?rest_route=%2Fwp%2Fv2%2Fcomments&post=8"}],"version-history":[{"count":20,"href":"http:\/\/gym-sereine.fr\/index.php?rest_route=\/wp\/v2\/pages\/8\/revisions"}],"predecessor-version":[{"id":1319,"href":"http:\/\/gym-sereine.fr\/index.php?rest_route=\/wp\/v2\/pages\/8\/revisions\/1319"}],"wp:attachment":[{"href":"http:\/\/gym-sereine.fr\/index.php?rest_route=%2Fwp%2Fv2%2Fmedia&parent=8"}],"curies":[{"name":"wp","href":"https:\/\/api.w.org\/{rel}","templated":true}]}}